{"id":87,"date":"2020-03-22T20:21:22","date_gmt":"2020-03-22T19:21:22","guid":{"rendered":"http:\/\/xn--valrie-quinat-kinsithrapeute-drcoe.fr\/?page_id=87"},"modified":"2020-12-04T19:09:37","modified_gmt":"2020-12-04T18:09:37","slug":"reeducation-respiratoire-du-nourrisson-bronchiolite","status":"publish","type":"page","link":"https:\/\/xn--valrie-quinat-kinsithrapeute-drcoe.fr\/?page_id=87","title":{"rendered":"Bronchiolite"},"content":{"rendered":"\t\t<div data-elementor-type=\"wp-page\" data-elementor-id=\"87\" class=\"elementor elementor-87\">\n\t\t\t\t\t\t<div class=\"elementor-inner\">\n\t\t\t\t<div class=\"elementor-section-wrap\">\n\t\t\t\t\t\t\t\t\t<section class=\"elementor-section elementor-top-section elementor-element elementor-element-ed5d51f elementor-section-boxed elementor-section-height-default elementor-section-height-default\" data-id=\"ed5d51f\" data-element_type=\"section\">\n\t\t\t\t\t\t<div class=\"elementor-container elementor-column-gap-default\">\n\t\t\t\t\t\t\t<div class=\"elementor-row\">\n\t\t\t\t\t<div class=\"elementor-column elementor-col-100 elementor-top-column elementor-element elementor-element-2108fc4\" data-id=\"2108fc4\" data-element_type=\"column\">\n\t\t\t<div class=\"elementor-column-wrap elementor-element-populated\">\n\t\t\t\t\t\t\t<div class=\"elementor-widget-wrap\">\n\t\t\t\t\t\t<div class=\"elementor-element elementor-element-0adda7d elementor-widget elementor-widget-heading\" data-id=\"0adda7d\" data-element_type=\"widget\" data-widget_type=\"heading.default\">\n\t\t\t\t<div class=\"elementor-widget-container\">\n\t\t\t<h2 class=\"elementor-heading-title elementor-size-default\">R\u00e9\u00e9ducation respiratoire du nourrisson (bronchiolite)<\/h2>\t\t<\/div>\n\t\t\t\t<\/div>\n\t\t\t\t\t\t<\/div>\n\t\t\t\t\t<\/div>\n\t\t<\/div>\n\t\t\t\t\t\t\t\t<\/div>\n\t\t\t\t\t<\/div>\n\t\t<\/section>\n\t\t\t\t<section class=\"elementor-section elementor-top-section elementor-element elementor-element-6a5ec9b elementor-section-boxed elementor-section-height-default elementor-section-height-default\" data-id=\"6a5ec9b\" data-element_type=\"section\">\n\t\t\t\t\t\t<div class=\"elementor-container elementor-column-gap-default\">\n\t\t\t\t\t\t\t<div class=\"elementor-row\">\n\t\t\t\t\t<div class=\"elementor-column elementor-col-66 elementor-top-column elementor-element elementor-element-a220428\" data-id=\"a220428\" data-element_type=\"column\">\n\t\t\t<div class=\"elementor-column-wrap elementor-element-populated\">\n\t\t\t\t\t\t\t<div class=\"elementor-widget-wrap\">\n\t\t\t\t\t\t<div class=\"elementor-element elementor-element-f1cd64e elementor-widget elementor-widget-text-editor\" data-id=\"f1cd64e\" data-element_type=\"widget\" data-widget_type=\"text-editor.default\">\n\t\t\t\t<div class=\"elementor-widget-container\">\n\t\t\t\t\t\t\t\t<div class=\"elementor-text-editor elementor-clearfix\">\n\t\t\t\t<p>La kin\u00e9sith\u00e9rapie respiratoire est une aide pr\u00e9cieuse pour les nourrissons. Cette pratique permet d\u2019aider les b\u00e9b\u00e9s \u00e0 respirer plus profond\u00e9ment, voire \u00e0 tousser pour expulser efficacement les s\u00e9cr\u00e9tions pulmonaires. Cela se fait tout en douceur par un guidage manuel tr\u00e8s mesur\u00e9. Le suivi r\u00e9gulier permet \u00e9galement de voir l\u2019\u00e9volution des sympt\u00f4mes, de donner des conseils d\u2019hygi\u00e8ne de vie qui suffisent souvent \u00e0 r\u00e9duire le temps de la maladie.<\/p>\t\t\t\t\t<\/div>\n\t\t\t\t\t\t<\/div>\n\t\t\t\t<\/div>\n\t\t\t\t<div class=\"elementor-element elementor-element-e3bdb45 elementor-widget elementor-widget-button\" data-id=\"e3bdb45\" data-element_type=\"widget\" data-widget_type=\"button.default\">\n\t\t\t\t<div class=\"elementor-widget-container\">\n\t\t\t\t\t<div class=\"elementor-button-wrapper\">\n\t\t\t<a href=\"http:\/\/val\u00e9rie-quinat-kin\u00e9sith\u00e9rapeute.fr\/?page_id=267\" class=\"elementor-button-link elementor-button elementor-size-sm\" role=\"button\">\n\t\t\t\t\t\t<span class=\"elementor-button-content-wrapper\">\n\t\t\t\t\t\t<span class=\"elementor-button-text\">Lire les conseils<\/span>\n\t\t<\/span>\n\t\t\t\t\t<\/a>\n\t\t<\/div>\n\t\t\t\t<\/div>\n\t\t\t\t<\/div>\n\t\t\t\t\t\t<\/div>\n\t\t\t\t\t<\/div>\n\t\t<\/div>\n\t\t\t\t<div class=\"elementor-column elementor-col-33 elementor-top-column elementor-element elementor-element-378a420\" data-id=\"378a420\" data-element_type=\"column\">\n\t\t\t<div class=\"elementor-column-wrap elementor-element-populated\">\n\t\t\t\t\t\t\t<div class=\"elementor-widget-wrap\">\n\t\t\t\t\t\t<div class=\"elementor-element elementor-element-cc13507 elementor-widget elementor-widget-image\" data-id=\"cc13507\" data-element_type=\"widget\" data-widget_type=\"image.default\">\n\t\t\t\t<div class=\"elementor-widget-container\">\n\t\t\t\t\t\t\t\t<div class=\"elementor-image\">\n\t\t\t\t\t\t\t\t\t\t\t\t<img loading=\"lazy\" decoding=\"async\" width=\"767\" height=\"513\" src=\"https:\/\/xn--valrie-quinat-kinsithrapeute-drcoe.fr\/wp-content\/uploads\/2020\/04\/fullsizeoutput_2343-1024x685.jpeg\" class=\"attachment-large size-large wp-image-564\" alt=\"\" srcset=\"https:\/\/xn--valrie-quinat-kinsithrapeute-drcoe.fr\/wp-content\/uploads\/2020\/04\/fullsizeoutput_2343-1024x685.jpeg 1024w, https:\/\/xn--valrie-quinat-kinsithrapeute-drcoe.fr\/wp-content\/uploads\/2020\/04\/fullsizeoutput_2343-300x201.jpeg 300w, https:\/\/xn--valrie-quinat-kinsithrapeute-drcoe.fr\/wp-content\/uploads\/2020\/04\/fullsizeoutput_2343-768x514.jpeg 768w, https:\/\/xn--valrie-quinat-kinsithrapeute-drcoe.fr\/wp-content\/uploads\/2020\/04\/fullsizeoutput_2343-1536x1028.jpeg 1536w, https:\/\/xn--valrie-quinat-kinsithrapeute-drcoe.fr\/wp-content\/uploads\/2020\/04\/fullsizeoutput_2343-90x60.jpeg 90w, https:\/\/xn--valrie-quinat-kinsithrapeute-drcoe.fr\/wp-content\/uploads\/2020\/04\/fullsizeoutput_2343-370x247.jpeg 370w, https:\/\/xn--valrie-quinat-kinsithrapeute-drcoe.fr\/wp-content\/uploads\/2020\/04\/fullsizeoutput_2343.jpeg 1936w\" sizes=\"auto, (max-width: 767px) 100vw, 767px\" \/>\t\t\t\t\t\t\t\t\t\t\t\t\t\t<\/div>\n\t\t\t\t\t\t<\/div>\n\t\t\t\t<\/div>\n\t\t\t\t\t\t<\/div>\n\t\t\t\t\t<\/div>\n\t\t<\/div>\n\t\t\t\t\t\t\t\t<\/div>\n\t\t\t\t\t<\/div>\n\t\t<\/section>\n\t\t\t\t<section class=\"elementor-section elementor-top-section elementor-element elementor-element-031ba81 elementor-section-boxed elementor-section-height-default elementor-section-height-default\" data-id=\"031ba81\" data-element_type=\"section\">\n\t\t\t\t\t\t<div class=\"elementor-container elementor-column-gap-default\">\n\t\t\t\t\t\t\t<div class=\"elementor-row\">\n\t\t\t\t\t<div class=\"elementor-column elementor-col-100 elementor-top-column elementor-element elementor-element-e4816da\" data-id=\"e4816da\" data-element_type=\"column\">\n\t\t\t<div class=\"elementor-column-wrap elementor-element-populated\">\n\t\t\t\t\t\t\t<div class=\"elementor-widget-wrap\">\n\t\t\t\t\t\t<div class=\"elementor-element elementor-element-e55d662 elementor-widget elementor-widget-text-editor\" data-id=\"e55d662\" data-element_type=\"widget\" data-widget_type=\"text-editor.default\">\n\t\t\t\t<div class=\"elementor-widget-container\">\n\t\t\t\t\t\t\t\t<div class=\"elementor-text-editor elementor-clearfix\">\n\t\t\t\t<p>La visite chez le kin\u00e9sith\u00e9rapeute est l\u2019occasion d\u2019une auscultation et d\u2019un suivi de la saturation en oxyg\u00e8ne.<\/p>\t\t\t\t\t<\/div>\n\t\t\t\t\t\t<\/div>\n\t\t\t\t<\/div>\n\t\t\t\t\t\t<\/div>\n\t\t\t\t\t<\/div>\n\t\t<\/div>\n\t\t\t\t\t\t\t\t<\/div>\n\t\t\t\t\t<\/div>\n\t\t<\/section>\n\t\t\t\t<section class=\"elementor-section elementor-top-section elementor-element elementor-element-7f4e4b7 elementor-section-boxed elementor-section-height-default elementor-section-height-default\" data-id=\"7f4e4b7\" data-element_type=\"section\">\n\t\t\t\t\t\t<div class=\"elementor-container elementor-column-gap-default\">\n\t\t\t\t\t\t\t<div class=\"elementor-row\">\n\t\t\t\t\t<div class=\"elementor-column elementor-col-100 elementor-top-column elementor-element elementor-element-f2e844b\" data-id=\"f2e844b\" data-element_type=\"column\">\n\t\t\t<div class=\"elementor-column-wrap elementor-element-populated\">\n\t\t\t\t\t\t\t<div class=\"elementor-widget-wrap\">\n\t\t\t\t\t\t<div class=\"elementor-element elementor-element-0681c61 elementor-widget elementor-widget-image\" data-id=\"0681c61\" data-element_type=\"widget\" data-widget_type=\"image.default\">\n\t\t\t\t<div class=\"elementor-widget-container\">\n\t\t\t\t\t\t\t\t<div class=\"elementor-image\">\n\t\t\t\t\t\t\t\t\t\t\t\t<img loading=\"lazy\" decoding=\"async\" width=\"767\" height=\"513\" src=\"https:\/\/xn--valrie-quinat-kinsithrapeute-drcoe.fr\/wp-content\/uploads\/2020\/08\/DSC_5942-1024x685.jpg\" class=\"attachment-large size-large wp-image-1162\" alt=\"\" srcset=\"https:\/\/xn--valrie-quinat-kinsithrapeute-drcoe.fr\/wp-content\/uploads\/2020\/08\/DSC_5942-1024x685.jpg 1024w, https:\/\/xn--valrie-quinat-kinsithrapeute-drcoe.fr\/wp-content\/uploads\/2020\/08\/DSC_5942-300x201.jpg 300w, https:\/\/xn--valrie-quinat-kinsithrapeute-drcoe.fr\/wp-content\/uploads\/2020\/08\/DSC_5942-768x514.jpg 768w, https:\/\/xn--valrie-quinat-kinsithrapeute-drcoe.fr\/wp-content\/uploads\/2020\/08\/DSC_5942-1536x1028.jpg 1536w, https:\/\/xn--valrie-quinat-kinsithrapeute-drcoe.fr\/wp-content\/uploads\/2020\/08\/DSC_5942-2048x1371.jpg 2048w, https:\/\/xn--valrie-quinat-kinsithrapeute-drcoe.fr\/wp-content\/uploads\/2020\/08\/DSC_5942-90x60.jpg 90w, https:\/\/xn--valrie-quinat-kinsithrapeute-drcoe.fr\/wp-content\/uploads\/2020\/08\/DSC_5942-370x247.jpg 370w\" sizes=\"auto, (max-width: 767px) 100vw, 767px\" \/>\t\t\t\t\t\t\t\t\t\t\t\t\t\t<\/div>\n\t\t\t\t\t\t<\/div>\n\t\t\t\t<\/div>\n\t\t\t\t\t\t<\/div>\n\t\t\t\t\t<\/div>\n\t\t<\/div>\n\t\t\t\t\t\t\t\t<\/div>\n\t\t\t\t\t<\/div>\n\t\t<\/section>\n\t\t\t\t\t\t\t\t\t<\/div>\n\t\t\t<\/div>\n\t\t\t\t\t<\/div>\n\t\t","protected":false},"excerpt":{"rendered":"<p>R\u00e9\u00e9ducation respiratoire du nourrisson (bronchiolite) La kin\u00e9sith\u00e9rapie respiratoire est une aide pr\u00e9cieuse pour les nourrissons. Cette pratique permet d\u2019aider les b\u00e9b\u00e9s \u00e0 respirer plus profond\u00e9ment, voire \u00e0 tousser pour expulser &hellip; <\/p>\n","protected":false},"author":1,"featured_media":0,"parent":74,"menu_order":0,"comment_status":"closed","ping_status":"closed","template":"","meta":{"footnotes":""},"class_list":["post-87","page","type-page","status-publish","hentry"],"_links":{"self":[{"href":"https:\/\/xn--valrie-quinat-kinsithrapeute-drcoe.fr\/index.php?rest_route=\/wp\/v2\/pages\/87","targetHints":{"allow":["GET"]}}],"collection":[{"href":"https:\/\/xn--valrie-quinat-kinsithrapeute-drcoe.fr\/index.php?rest_route=\/wp\/v2\/pages"}],"about":[{"href":"https:\/\/xn--valrie-quinat-kinsithrapeute-drcoe.fr\/index.php?rest_route=\/wp\/v2\/types\/page"}],"author":[{"embeddable":true,"href":"https:\/\/xn--valrie-quinat-kinsithrapeute-drcoe.fr\/index.php?rest_route=\/wp\/v2\/users\/1"}],"replies":[{"embeddable":true,"href":"https:\/\/xn--valrie-quinat-kinsithrapeute-drcoe.fr\/index.php?rest_route=%2Fwp%2Fv2%2Fcomments&post=87"}],"version-history":[{"count":22,"href":"https:\/\/xn--valrie-quinat-kinsithrapeute-drcoe.fr\/index.php?rest_route=\/wp\/v2\/pages\/87\/revisions"}],"predecessor-version":[{"id":1193,"href":"https:\/\/xn--valrie-quinat-kinsithrapeute-drcoe.fr\/index.php?rest_route=\/wp\/v2\/pages\/87\/revisions\/1193"}],"up":[{"embeddable":true,"href":"https:\/\/xn--valrie-quinat-kinsithrapeute-drcoe.fr\/index.php?rest_route=\/wp\/v2\/pages\/74"}],"wp:attachment":[{"href":"https:\/\/xn--valrie-quinat-kinsithrapeute-drcoe.fr\/index.php?rest_route=%2Fwp%2Fv2%2Fmedia&parent=87"}],"curies":[{"name":"wp","href":"https:\/\/api.w.org\/{rel}","templated":true}]}}